{"id":3091,"date":"2019-04-18T21:19:57","date_gmt":"2019-04-18T19:19:57","guid":{"rendered":"https:\/\/www.vela-yacht.hr\/sajt\/?page_id=3091"},"modified":"2019-07-25T10:20:40","modified_gmt":"2019-07-25T08:20:40","slug":"eu-fondovi","status":"publish","type":"page","link":"https:\/\/www.vela-yacht.hr\/sajt\/eu-fondovi\/","title":{"rendered":"EU fondovi"},"content":{"rendered":"<div class=\"fusion-fullwidth fullwidth-box fusion-builder-row-1 privatnost_infostranica nonhundred-percent-fullwidth non-hundred-percent-height-scrolling\" style=\"background-color: #ffffff;background-position: center center;background-repeat: no-repeat;padding-top:30px;padding-right:0px;padding-bottom:70px;padding-left:0px;margin-bottom: 0px;margin-top: 0px;border-width: 0px 0px 0px 0px;border-color:#eae9e9;border-style:solid;\" ><div class=\"fusion-builder-row fusion-row\"><div class=\"fusion-layout-column fusion_builder_column fusion-builder-column-0 fusion_builder_column_1_6 1_6 fusion-one-sixth fusion-column-first fusion-no-small-visibility\" style=\"width:16.666666666667%;width:calc(16.666666666667% - ( ( 0 + 4% ) * 0.16666666666667 ) );margin-right: 0px;margin-top:15px;margin-bottom:15px;\"><div class=\"fusion-column-wrapper fusion-flex-column-wrapper-legacy\" style=\"background-position:left top;background-repeat:no-repeat;-webkit-background-size:cover;-moz-background-size:cover;-o-background-size:cover;background-size:cover;padding: 0px 0px 0px 0px;\"><div class=\"fusion-clearfix\"><\/div><\/div><\/div><div class=\"fusion-layout-column fusion_builder_column fusion-builder-column-1 fusion_builder_column_2_3 2_3 fusion-two-third\" style=\"width:66.666666666667%;width:calc(66.666666666667% - ( ( 0 + 4% ) * 0.66666666666667 ) );margin-right: 4%;margin-top:15px;margin-bottom:15px;\"><div class=\"fusion-column-wrapper fusion-flex-column-wrapper-legacy\" style=\"background-position:left top;background-repeat:no-repeat;-webkit-background-size:cover;-moz-background-size:cover;-o-background-size:cover;background-size:cover;padding: 0px 0px 0px 0px;\"><style type=\"text\/css\">.fusion-gallery-1 .fusion-gallery-image {border:0px solid #f6f6f6;}<\/style><div class=\"fusion-gallery fusion-gallery-container fusion-grid-3 fusion-columns-total-3 fusion-gallery-layout-grid fusion-gallery-1\" style=\"margin:-5px;\"><div style=\"padding:5px;\" class=\"fusion-grid-column fusion-gallery-column fusion-gallery-column-3 hover-type-none\"><div class=\"fusion-gallery-image\"><img src=\"https:\/\/www.vela-yacht.hr\/sajt\/wp-content\/uploads\/2019\/04\/Slika-zaslona-2019-04-18-u-21.38.10-1.png\" width=\"346\" height=\"160\" alt=\"\" title=\"Slika zaslona 2019-04-18 u 21.38.10\" aria-label=\"Slika zaslona 2019-04-18 u 21.38.10\" class=\"img-responsive wp-image-3111\" srcset=\"https:\/\/www.vela-yacht.hr\/sajt\/wp-content\/uploads\/2019\/04\/Slika-zaslona-2019-04-18-u-21.38.10-1-200x92.png 200w, https:\/\/www.vela-yacht.hr\/sajt\/wp-content\/uploads\/2019\/04\/Slika-zaslona-2019-04-18-u-21.38.10-1.png 346w\" sizes=\"(min-width: 2200px) 100vw, (min-width: 704px) 330px, (min-width: 672px) 495px, (min-width: 640px) 672px, \" \/><\/div><\/div><div style=\"padding:5px;\" class=\"fusion-grid-column fusion-gallery-column fusion-gallery-column-3 hover-type-none\"><div class=\"fusion-gallery-image\"><img src=\"https:\/\/www.vela-yacht.hr\/sajt\/wp-content\/uploads\/2019\/04\/Slika-zaslona-2019-04-18-u-21.38.10.png\" width=\"346\" height=\"160\" alt=\"\" title=\"Slika zaslona 2019-04-18 u 21.38.10\" aria-label=\"Slika zaslona 2019-04-18 u 21.38.10\" class=\"img-responsive wp-image-3105\" srcset=\"https:\/\/www.vela-yacht.hr\/sajt\/wp-content\/uploads\/2019\/04\/Slika-zaslona-2019-04-18-u-21.38.10-200x92.png 200w, https:\/\/www.vela-yacht.hr\/sajt\/wp-content\/uploads\/2019\/04\/Slika-zaslona-2019-04-18-u-21.38.10.png 346w\" sizes=\"(min-width: 2200px) 100vw, (min-width: 704px) 330px, (min-width: 672px) 495px, (min-width: 640px) 672px, \" \/><\/div><\/div><div style=\"padding:5px;\" class=\"fusion-grid-column fusion-gallery-column fusion-gallery-column-3 hover-type-none\"><div class=\"fusion-gallery-image\"><img src=\"https:\/\/www.vela-yacht.hr\/sajt\/wp-content\/uploads\/2019\/04\/1.jpg\" width=\"346\" height=\"160\" alt=\"\" title=\"1\" aria-label=\"1\" class=\"img-responsive wp-image-3110\" srcset=\"https:\/\/www.vela-yacht.hr\/sajt\/wp-content\/uploads\/2019\/04\/1-200x92.jpg 200w, https:\/\/www.vela-yacht.hr\/sajt\/wp-content\/uploads\/2019\/04\/1.jpg 346w\" sizes=\"(min-width: 2200px) 100vw, (min-width: 704px) 330px, (min-width: 672px) 495px, (min-width: 640px) 672px, \" \/><\/div><\/div><div class=\"clearfix\"><\/div><\/div><div class=\"fusion-sep-clear\"><\/div><div class=\"fusion-separator fusion-full-width-sep\" style=\"margin-left: auto;margin-right: auto;margin-top:20px;width:100%;\"><\/div><div class=\"fusion-sep-clear\"><\/div><div class=\"fusion-text fusion-text-1\"><p style=\"text-align: center;\"><span style=\"font-size: 14pt;\"><strong>Projekt uvo\u0111enja ISO standarda<\/strong><\/span><\/p>\n<p style=\"text-align: justify;\"><strong><span style=\"color: #45a3b6;\">Naziv poziva:<\/span>\u00a0<\/strong>Uvo\u0111enje sustava upravljanja poslovnim procesima i kvalitetom (ISO i sli\u010dne norme)<\/p>\n<p style=\"text-align: justify;\"><span style=\"color: #45a3b6;\"><strong>Naziv projekta:\u00a0<\/strong><\/span>Uvo\u0111enje sustava upravljanja kvalitetom ISO 9001:2015<\/p>\n<p style=\"text-align: justify;\"><span style=\"color: #45a3b6;\"><strong>Sa\u017eetak projekta:\u00a0<\/strong><\/span>Op\u0107i cilj projekta je pove\u0107anje kvalitete proizvoda i usluga u poduze\u0107u VELA YACHT d.o.o. te na taj na\u010din pridonijeti ostvarenju ovog projekta. Posebni cilj je prilago\u0111avanje zahtjevima tr\u017ei\u0161ta te pove\u0107anje konkurentnosti poduze\u0107a na tr\u017ei\u0161tu. Rezultat projekta bit \u0107e\u00a0 isho\u0111en certifikat\u00a0 ISO 9001:2015 sustav upravljanja kvalitetom.\u00a0 Glavne su ciljne skupine zaposlenici poduze\u0107a VELA YACHT d.o.o. na poslovima proizvodnje i ugradnje drvenih elemenata za opremanje interijera i eksterijera plovila. Neizravnu korist imat \u0107e ostale zainteresirane strane poduze\u0107a a to su: kupci, dobavlja\u010di i poslovni partneri, dru\u0161tvena zajednica (lokalna i \u0161ira), banke&#8230;<\/p>\n<p style=\"text-align: justify;\"><span style=\"color: #45a3b6;\"><strong>Ciljevi:\u00a0<\/strong><\/span><\/p>\n<p style=\"text-align: justify;\">Dugoro\u010dni ciljevi poduze\u0107a su:<\/p>\n<p style=\"text-align: justify;\">&#8211; Ostvarenje i pove\u0107anje profita<\/p>\n<p style=\"text-align: justify;\">&#8211; Zadovoljenja potreba i o\u010dekivanja kupaca<\/p>\n<p style=\"text-align: justify;\">&#8211; Pove\u0107anje udjela na tr\u017ei\u0161tu<\/p>\n<p style=\"text-align: justify;\">&#8211; Pobolj\u0161anje odnosa sa kupcima, dobavlja\u010dima i poslovnim partnerima<\/p>\n<p style=\"text-align: justify;\">Navedene ciljeve postit \u0107emo primjenom slijede\u0107ih na\u010dela:<\/p>\n<p>&#8211; ispunjavanje svih zahtjeva kupaca, zakona i tehni\u010dkih normi vezanih uz na\u0161e proizvode i usluge<\/p>\n<p style=\"text-align: justify;\">&#8211; vodstvo uprave i uklju\u010denost poslovodstva i svih zaposlenika<\/p>\n<p style=\"text-align: justify;\">&#8211; izobrazba, uvje\u017ebavanje i razvoj kompetentnosti svih na\u0161ih zaposlenika<\/p>\n<p style=\"text-align: justify;\">&#8211; preventivno djelovanje i sprje\u010davanje isporuke nesukladnih proizvoda i usluga<\/p>\n<p style=\"text-align: justify;\"><span style=\"color: #45a3b6;\"><strong>Ukupna vrijednost projekta i iznos koji sufinancira EU (u HRK):<\/strong><\/span><\/p>\n<p style=\"text-align: justify;\">Ukupna vrijednost projekta je 83.534,75 HRK, ukupni prihvatljivi tro\u0161kovi iznose 66.827,80 HRK, a iznos koji sufinancira EU je 56.803,63 HRK. Vlastito u\u010de\u0161\u0107e je 15%.<\/p>\n<p style=\"text-align: justify;\"><span style=\"color: #45a3b6;\"><strong>Razdoblje provedbe projekta (od-do):<\/strong><\/span><\/p>\n<p style=\"text-align: justify;\">15.03.2019. do 15.09.2019<\/p>\n<p style=\"text-align: justify;\"><span style=\"color: #45a3b6;\"><strong>Kontakt osoba za vi\u0161e informacija:<\/strong><\/span><\/p>\n<p style=\"text-align: justify;\">Leonardo Grubeli\u0107, e-mail; <a href=\"mailto:katarina@vela-yacht.com\"><span style=\"color: #45a3b6;\">leonardo@vela-yacht.com<\/span><\/a><\/p>\n<p style=\"text-align: justify;\"><strong>Reference:<\/strong><\/p>\n<p style=\"text-align: justify;\">Za vi\u0161e informacija o Europskim strukturnim i investicijskim fondovima posjetite;<br \/>\n<span style=\"color: #45a3b6;\"><a style=\"color: #45a3b6;\" href=\"http:\/\/www.strukturnifondovi.hr\/\"><span style=\"color: #45a3b6;\">www.strukturnifondovi.hr<\/span><\/a><\/span><\/p>\n<p style=\"text-align: justify;\">Za vi\u0161e informacija o Operativnom programu Konkurentnost i kohezija posjetite;<br \/>\n<a href=\"https:\/\/strukturnifondovi.hr\/natjecaji\/uvodenje-sustava-upravljanja-poslovnim-procesima-i-kvalitetom-iso-i-slicne-norme\/\"><span style=\"color: #45a3b6;\">https:\/\/strukturnifondovi.hr\/natjecaji\/uvodenje-sustava-upravljanja-poslovnim-procesima-i-kvalitetom-iso-i-slicne-norme\/<\/span><\/a><\/p>\n<p style=\"text-align: justify;\"><strong><span style=\"font-size: 12pt;\"><br \/>\nProjekt sufinancira Europska unija iz Europskog fonda za regionalni razvoj koji se provodi u sklopu Operativnog programa Konkurentnost i kohezija 2014-2020<\/span><\/strong><\/p>\n<p style=\"text-align: justify;\">\u00a0<img class=\"wp-image-3115 aligncenter\" src=\"https:\/\/www.vela-yacht.hr\/sajt\/wp-content\/uploads\/2019\/04\/a.jpg\" alt=\"\" width=\"134\" height=\"106\" srcset=\"https:\/\/www.vela-yacht.hr\/sajt\/wp-content\/uploads\/2019\/04\/a-200x158.jpg 200w, https:\/\/www.vela-yacht.hr\/sajt\/wp-content\/uploads\/2019\/04\/a.jpg 228w\" sizes=\"(max-width: 134px) 100vw, 134px\" \/><\/p>\n<\/div><div class=\"fusion-clearfix\"><\/div><\/div><\/div><div class=\"fusion-layout-column fusion_builder_column fusion-builder-column-2 fusion_builder_column_1_6 1_6 fusion-one-sixth fusion-column-last fusion-no-small-visibility\" style=\"width:16.666666666667%;width:calc(16.666666666667% - ( ( 0 + 4% ) * 0.16666666666667 ) );margin-top:15px;margin-bottom:15px;\"><div class=\"fusion-column-wrapper fusion-flex-column-wrapper-legacy\" style=\"background-position:left top;background-repeat:no-repeat;-webkit-background-size:cover;-moz-background-size:cover;-o-background-size:cover;background-size:cover;padding: 0px 0px 0px 0px;\"><div class=\"fusion-clearfix\"><\/div><\/div><\/div><\/div><\/div>\n","protected":false},"excerpt":{"rendered":"","protected":false},"author":1,"featured_media":0,"parent":0,"menu_order":0,"comment_status":"closed","ping_status":"closed","template":"","meta":[],"yoast_head":"<!-- This site is optimized with the Yoast SEO plugin v17.6 - https:\/\/yoast.com\/wordpress\/plugins\/seo\/ -->\n<title>EU fondovi - Vela Yacht<\/title>\n<meta name=\"robots\" content=\"index, follow, max-snippet:-1, max-image-preview:large, max-video-preview:-1\" \/>\n<link rel=\"canonical\" href=\"https:\/\/www.vela-yacht.hr\/sajt\/eu-fondovi\/\" \/>\n<meta property=\"og:locale\" content=\"en_US\" \/>\n<meta property=\"og:type\" content=\"article\" \/>\n<meta property=\"og:title\" content=\"EU fondovi - Vela Yacht\" \/>\n<meta property=\"og:url\" content=\"https:\/\/www.vela-yacht.hr\/sajt\/eu-fondovi\/\" \/>\n<meta property=\"og:site_name\" content=\"Vela Yacht\" \/>\n<meta property=\"article:modified_time\" content=\"2019-07-25T08:20:40+00:00\" \/>\n<meta property=\"og:image\" content=\"https:\/\/www.vela-yacht.hr\/sajt\/wp-content\/uploads\/2019\/04\/a.jpg\" \/>\n<meta name=\"twitter:card\" content=\"summary_large_image\" \/>\n<meta name=\"twitter:label1\" content=\"Est. reading time\" \/>\n\t<meta name=\"twitter:data1\" content=\"4 minutes\" \/>\n<script type=\"application\/ld+json\" class=\"yoast-schema-graph\">{\"@context\":\"https:\/\/schema.org\",\"@graph\":[{\"@type\":\"WebSite\",\"@id\":\"https:\/\/www.vela-yacht.hr\/sajt\/#website\",\"url\":\"https:\/\/www.vela-yacht.hr\/sajt\/\",\"name\":\"Vela Yacht\",\"description\":\"Our expertise. Your experience.\",\"potentialAction\":[{\"@type\":\"SearchAction\",\"target\":{\"@type\":\"EntryPoint\",\"urlTemplate\":\"https:\/\/www.vela-yacht.hr\/sajt\/?s={search_term_string}\"},\"query-input\":\"required name=search_term_string\"}],\"inLanguage\":\"en-US\"},{\"@type\":\"ImageObject\",\"@id\":\"https:\/\/www.vela-yacht.hr\/sajt\/eu-fondovi\/#primaryimage\",\"inLanguage\":\"en-US\",\"url\":\"https:\/\/www.vela-yacht.hr\/sajt\/wp-content\/uploads\/2019\/04\/a.jpg\",\"contentUrl\":\"https:\/\/www.vela-yacht.hr\/sajt\/wp-content\/uploads\/2019\/04\/a.jpg\",\"width\":228,\"height\":180},{\"@type\":\"WebPage\",\"@id\":\"https:\/\/www.vela-yacht.hr\/sajt\/eu-fondovi\/#webpage\",\"url\":\"https:\/\/www.vela-yacht.hr\/sajt\/eu-fondovi\/\",\"name\":\"EU fondovi - Vela Yacht\",\"isPartOf\":{\"@id\":\"https:\/\/www.vela-yacht.hr\/sajt\/#website\"},\"primaryImageOfPage\":{\"@id\":\"https:\/\/www.vela-yacht.hr\/sajt\/eu-fondovi\/#primaryimage\"},\"datePublished\":\"2019-04-18T19:19:57+00:00\",\"dateModified\":\"2019-07-25T08:20:40+00:00\",\"breadcrumb\":{\"@id\":\"https:\/\/www.vela-yacht.hr\/sajt\/eu-fondovi\/#breadcrumb\"},\"inLanguage\":\"en-US\",\"potentialAction\":[{\"@type\":\"ReadAction\",\"target\":[\"https:\/\/www.vela-yacht.hr\/sajt\/eu-fondovi\/\"]}]},{\"@type\":\"BreadcrumbList\",\"@id\":\"https:\/\/www.vela-yacht.hr\/sajt\/eu-fondovi\/#breadcrumb\",\"itemListElement\":[{\"@type\":\"ListItem\",\"position\":1,\"name\":\"Po\\u010detna stranica\",\"item\":\"https:\/\/www.vela-yacht.hr\/sajt\/\"},{\"@type\":\"ListItem\",\"position\":2,\"name\":\"EU fondovi\"}]}]}<\/script>\n<!-- \/ Yoast SEO plugin. -->","yoast_head_json":{"title":"EU fondovi - Vela Yacht","robots":{"index":"index","follow":"follow","max-snippet":"max-snippet:-1","max-image-preview":"max-image-preview:large","max-video-preview":"max-video-preview:-1"},"canonical":"https:\/\/www.vela-yacht.hr\/sajt\/eu-fondovi\/","og_locale":"en_US","og_type":"article","og_title":"EU fondovi - Vela Yacht","og_url":"https:\/\/www.vela-yacht.hr\/sajt\/eu-fondovi\/","og_site_name":"Vela Yacht","article_modified_time":"2019-07-25T08:20:40+00:00","og_image":[{"url":"https:\/\/www.vela-yacht.hr\/sajt\/wp-content\/uploads\/2019\/04\/a.jpg"}],"twitter_card":"summary_large_image","twitter_misc":{"Est. reading time":"4 minutes"},"schema":{"@context":"https:\/\/schema.org","@graph":[{"@type":"WebSite","@id":"https:\/\/www.vela-yacht.hr\/sajt\/#website","url":"https:\/\/www.vela-yacht.hr\/sajt\/","name":"Vela Yacht","description":"Our expertise. Your experience.","potentialAction":[{"@type":"SearchAction","target":{"@type":"EntryPoint","urlTemplate":"https:\/\/www.vela-yacht.hr\/sajt\/?s={search_term_string}"},"query-input":"required name=search_term_string"}],"inLanguage":"en-US"},{"@type":"ImageObject","@id":"https:\/\/www.vela-yacht.hr\/sajt\/eu-fondovi\/#primaryimage","inLanguage":"en-US","url":"https:\/\/www.vela-yacht.hr\/sajt\/wp-content\/uploads\/2019\/04\/a.jpg","contentUrl":"https:\/\/www.vela-yacht.hr\/sajt\/wp-content\/uploads\/2019\/04\/a.jpg","width":228,"height":180},{"@type":"WebPage","@id":"https:\/\/www.vela-yacht.hr\/sajt\/eu-fondovi\/#webpage","url":"https:\/\/www.vela-yacht.hr\/sajt\/eu-fondovi\/","name":"EU fondovi - Vela Yacht","isPartOf":{"@id":"https:\/\/www.vela-yacht.hr\/sajt\/#website"},"primaryImageOfPage":{"@id":"https:\/\/www.vela-yacht.hr\/sajt\/eu-fondovi\/#primaryimage"},"datePublished":"2019-04-18T19:19:57+00:00","dateModified":"2019-07-25T08:20:40+00:00","breadcrumb":{"@id":"https:\/\/www.vela-yacht.hr\/sajt\/eu-fondovi\/#breadcrumb"},"inLanguage":"en-US","potentialAction":[{"@type":"ReadAction","target":["https:\/\/www.vela-yacht.hr\/sajt\/eu-fondovi\/"]}]},{"@type":"BreadcrumbList","@id":"https:\/\/www.vela-yacht.hr\/sajt\/eu-fondovi\/#breadcrumb","itemListElement":[{"@type":"ListItem","position":1,"name":"Po\u010detna stranica","item":"https:\/\/www.vela-yacht.hr\/sajt\/"},{"@type":"ListItem","position":2,"name":"EU fondovi"}]}]}},"_links":{"self":[{"href":"https:\/\/www.vela-yacht.hr\/sajt\/wp-json\/wp\/v2\/pages\/3091"}],"collection":[{"href":"https:\/\/www.vela-yacht.hr\/sajt\/wp-json\/wp\/v2\/pages"}],"about":[{"href":"https:\/\/www.vela-yacht.hr\/sajt\/wp-json\/wp\/v2\/types\/page"}],"author":[{"embeddable":true,"href":"https:\/\/www.vela-yacht.hr\/sajt\/wp-json\/wp\/v2\/users\/1"}],"replies":[{"embeddable":true,"href":"https:\/\/www.vela-yacht.hr\/sajt\/wp-json\/wp\/v2\/comments?post=3091"}],"version-history":[{"count":27,"href":"https:\/\/www.vela-yacht.hr\/sajt\/wp-json\/wp\/v2\/pages\/3091\/revisions"}],"predecessor-version":[{"id":3137,"href":"https:\/\/www.vela-yacht.hr\/sajt\/wp-json\/wp\/v2\/pages\/3091\/revisions\/3137"}],"wp:attachment":[{"href":"https:\/\/www.vela-yacht.hr\/sajt\/wp-json\/wp\/v2\/media?parent=3091"}],"curies":[{"name":"wp","href":"https:\/\/api.w.org\/{rel}","templated":true}]}}